{"id":1205,"date":"2022-11-07T09:31:19","date_gmt":"2022-11-07T09:31:19","guid":{"rendered":"https:\/\/murielbonnardin.ch\/?page_id=1205"},"modified":"2025-05-02T17:43:25","modified_gmt":"2025-05-02T15:43:25","slug":"kundinnen","status":"publish","type":"page","link":"https:\/\/murielbonnardin.ch\/de\/kundinnen\/","title":{"rendered":"Kund*innen"},"content":{"rendered":"<p>[et_pb_section fb_built=&#8220;1&#8243; fullwidth=&#8220;on&#8220; _builder_version=&#8220;4.16&#8243; _module_preset=&#8220;default&#8220; background_color=&#8220;#d6d6d6&#8243; global_colors_info=&#8220;{}&#8220;][et_pb_fullwidth_menu menu_id=&#8220;16&#8243; _builder_version=&#8220;4.16&#8243; _module_preset=&#8220;default&#8220; menu_font_size=&#8220;24px&#8220; background_color=&#8220;#d6d6d6&#8243; text_orientation=&#8220;center&#8220; global_colors_info=&#8220;{}&#8220;][\/et_pb_fullwidth_menu][\/et_pb_section][et_pb_section fb_built=&#8220;1&#8243; _builder_version=&#8220;4.16&#8243; _module_preset=&#8220;default&#8220; background_color=&#8220;#ffffff&#8220; global_colors_info=&#8220;{}&#8220;][et_pb_row column_structure=&#8220;1_5,3_5,1_5&#8243; _builder_version=&#8220;4.27.4&#8243; _module_preset=&#8220;default&#8220; global_colors_info=&#8220;{}&#8220;][et_pb_column type=&#8220;1_5&#8243; _builder_version=&#8220;4.16&#8243; _module_preset=&#8220;default&#8220; global_colors_info=&#8220;{}&#8220;][et_pb_text _builder_version=&#8220;4.16&#8243; _module_preset=&#8220;default&#8220; global_colors_info=&#8220;{}&#8220;][\/et_pb_text][\/et_pb_column][et_pb_column type=&#8220;3_5&#8243; _builder_version=&#8220;4.16&#8243; _module_preset=&#8220;default&#8220; global_colors_info=&#8220;{}&#8220;][et_pb_text _builder_version=&#8220;4.27.4&#8243; _module_preset=&#8220;default&#8220; hover_enabled=&#8220;0&#8243; global_colors_info=&#8220;{}&#8220; sticky_enabled=&#8220;0&#8243;]<\/p>\n<p><strong>Kunden &amp; Kundinnen<\/strong><\/p>\n<p><a href=\"https:\/\/www.comundo.org\/\" target=\"_blank\" rel=\"noopener noreferrer\">Comundo<\/a><br \/><a href=\"https:\/\/www.brava-ngo.ch\/de\" target=\"_blank\" rel=\"noopener\">BRAVA &#8211; gemeinsam gegen Gewalt gegen Frauen<\/a><br \/><a href=\"https:\/\/www.gfbv.ch\/de\/\" target=\"_blank\" rel=\"noopener noreferrer\">Gesellschaft f\u00fcr bedrohte V\u00f6lker<br \/><\/a><a href=\"https:\/\/www.baselsinfonietta.ch\/de\/foerderverein\/vorstand-foerderverein\" target=\"_blank\" rel=\"noopener noreferrer\">F\u00f6rderverein Basel Sinfonietta<\/a><br \/><a href=\"https:\/\/www.helvetas.org\/de\/schweiz\" target=\"_blank\" rel=\"noopener noreferrer\">Helvetas<br \/><\/a><a href=\"https:\/\/www.kinderanwaltschaft.ch\/de\" target=\"_blank\" rel=\"noopener noreferrer\">Kinderanwaltschaft Schweiz<\/a><br \/><a href=\"https:\/\/kyma-sea.org\/\" target=\"_blank\" rel=\"noopener noreferrer\">KYMA sea conservation &amp; research<\/a><br \/><a href=\"https:\/\/medicamondiale.org\/\" target=\"_blank\" rel=\"noopener noreferrer\">Medica mondiale<\/a><br \/><a href=\"https:\/\/mondafutura.org\/\" target=\"_blank\" rel=\"noopener\">Monda Futura \u2013 f\u00fcr eine lebenswerte Zukunft<\/a><br \/><a href=\"https:\/\/www.msf.ch\/\" target=\"_blank\" rel=\"noopener noreferrer\">MSF medecins sans fronti\u00e8res<\/a><br \/><a href=\"https:\/\/www.parkinson.ch\/\" target=\"_blank\" rel=\"noopener noreferrer\">Parkinson Schweiz<\/a><br \/><a href=\"https:\/\/www.prosenectute.ch\/de.html\" target=\"_blank\" rel=\"noopener\">Pro Senectute Schweiz<\/a> \/ <a href=\"https:\/\/pszh.ch\/willkommen\/\" target=\"_blank\" rel=\"noopener\">Kanton Z\u00fcrich<\/a><br \/><a href=\"https:\/\/reflekt.ch\/\" target=\"_blank\" rel=\"noopener noreferrer\">REFLEKT &#8211; investigativer Journalismus<\/a><br \/><a href=\"https:\/\/presserat.ch\/category\/aktuell\/\" target=\"_blank\" rel=\"noopener noreferrer\">Schweizer Presserat<\/a><br \/><a href=\"https:\/\/www.heimatschutz.ch\/\" target=\"_blank\" rel=\"noopener noreferrer\">Schweizer Heimatschutz<\/a><br \/><a href=\"https:\/\/solafrica.ch\/en\/\" target=\"_blank\" rel=\"noopener noreferrer\">Solafrica \u2013 Solarenergie f\u00fcr Mensch und Klima<\/a><br \/><a href=\"https:\/\/stiftungfgb.ch\/\" target=\"_blank\" rel=\"noopener noreferrer\">Stiftung Freie Gemeinschaftsbank (FGB)<\/a><br \/><a href=\"https:\/\/www.swissaid.ch\/en\/\" target=\"_blank\" rel=\"noopener noreferrer\"><\/a><a href=\"https:\/\/www.swissaid.ch\/de\/\" target=\"_blank\" rel=\"noopener noreferrer\">SWISSAID<\/a><br \/><a href=\"https:\/\/hora.ch\/foerderverein\/\" target=\"_blank\" rel=\"noopener noreferrer\">Theater HORA, F\u00f6rderverein<\/a><br \/><a href=\"https:\/\/jetzsingemereis.ch\/\" target=\"_blank\" rel=\"noopener noreferrer\">Verein &#8222;jetz singe mer eis&#8220;<\/a>\u00a0<a href=\"https:\/\/www.kunzmusik.ch\/\" target=\"_blank\" rel=\"noopener\">eine Initiative von KUNZ<\/a><\/p>\n<p><strong>T\u00e4tigkeit als Referentin<\/strong><\/p>\n<p><a href=\"https:\/\/swissfundraising.org\/\" target=\"_blank\" rel=\"noopener noreferrer\">Swissfundraising<\/a><br \/><a href=\"https:\/\/www.zhaw.ch\/de\/sml\/weiterbildung\/detail\/kurs\/das-fundraising-management\/\" target=\"_blank\" rel=\"noopener noreferrer\">ZHAW DAS Fundraising Management<\/a><\/p>\n<p>&nbsp;<\/p>\n<p>&nbsp;<\/p>\n<p>[\/et_pb_text][\/et_pb_column][et_pb_column type=&#8220;1_5&#8243; _builder_version=&#8220;4.16&#8243; _module_preset=&#8220;default&#8220; global_colors_info=&#8220;{}&#8220;][et_pb_text _builder_version=&#8220;4.16&#8243; _module_preset=&#8220;default&#8220; custom_padding=&#8220;0px|||||&#8220; global_colors_info=&#8220;{}&#8220;]<\/p>\n<div><\/div>\n<div><\/div>\n<p>&nbsp;<\/p>\n<p>[\/et_pb_text][\/et_pb_column][\/et_pb_row][\/et_pb_section][et_pb_section fb_built=&#8220;1&#8243; _builder_version=&#8220;4.16&#8243; _module_preset=&#8220;default&#8220; background_color=&#8220;#ffffff&#8220; global_colors_info=&#8220;{}&#8220;][et_pb_row _builder_version=&#8220;4.16&#8243; _module_preset=&#8220;default&#8220; global_colors_info=&#8220;{}&#8220;][et_pb_column type=&#8220;4_4&#8243; _builder_version=&#8220;4.16&#8243; _module_preset=&#8220;default&#8220; global_colors_info=&#8220;{}&#8220;][et_pb_text _builder_version=&#8220;4.16&#8243; _module_preset=&#8220;default&#8220; custom_padding=&#8220;0px|||||&#8220; global_colors_info=&#8220;{}&#8220;]<\/p>\n<div><\/div>\n<div><\/div>\n<p>&nbsp;<\/p>\n<p>[\/et_pb_text][\/et_pb_column][\/et_pb_row][\/et_pb_section][et_pb_section fb_built=&#8220;1&#8243; _builder_version=&#8220;4.16&#8243; _module_preset=&#8220;default&#8220; background_color=&#8220;#ffffff&#8220; global_colors_info=&#8220;{}&#8220;][et_pb_row _builder_version=&#8220;4.16&#8243; _module_preset=&#8220;default&#8220; global_colors_info=&#8220;{}&#8220;][et_pb_column type=&#8220;4_4&#8243; _builder_version=&#8220;4.16&#8243; _module_preset=&#8220;default&#8220; global_colors_info=&#8220;{}&#8220;][et_pb_social_media_follow _builder_version=&#8220;4.16&#8243; _module_preset=&#8220;default&#8220; global_colors_info=&#8220;{}&#8220;][et_pb_social_media_follow_network social_network=&#8220;linkedin&#8220; url=&#8220;https:\/\/www.linkedin.com\/in\/muriel-bonnardin-wethmar-10980632\/&#8220; _builder_version=&#8220;4.16&#8243; _module_preset=&#8220;default&#8220; background_color=&#8220;#007bb6&#8243; global_colors_info=&#8220;{}&#8220; follow_button=&#8220;off&#8220; url_new_window=&#8220;on&#8220;]linkedin[\/et_pb_social_media_follow_network][\/et_pb_social_media_follow][\/et_pb_column][\/et_pb_row][\/et_pb_section][et_pb_section fb_built=&#8220;1&#8243; fullwidth=&#8220;on&#8220; _builder_version=&#8220;4.16&#8243; _module_preset=&#8220;default&#8220; background_color=&#8220;#FA8C99&#8243; global_colors_info=&#8220;{}&#8220;][et_pb_fullwidth_menu menu_id=&#8220;16&#8243; _builder_version=&#8220;4.16&#8243; _module_preset=&#8220;default&#8220; menu_font=&#8220;||||||||&#8220; background_color=&#8220;#FA8C99&#8243; global_colors_info=&#8220;{}&#8220;][\/et_pb_fullwidth_menu][\/et_pb_section]<\/p>\n","protected":false},"excerpt":{"rendered":"<p>Kunden &amp; Kundinnen ComundoBRAVA &#8211; gemeinsam gegen Gewalt gegen FrauenGesellschaft f\u00fcr bedrohte V\u00f6lkerF\u00f6rderverein Basel SinfoniettaHelvetasKinderanwaltschaft SchweizKYMA sea conservation &amp; researchMedica mondialeMonda Futura \u2013 f\u00fcr eine lebenswerte ZukunftMSF medecins sans fronti\u00e8resParkinson SchweizPro Senectute Schweiz \/ Kanton Z\u00fcrichREFLEKT &#8211; investigativer JournalismusSchweizer PresseratSchweizer HeimatschutzSolafrica \u2013 Solarenergie f\u00fcr Mensch und KlimaStiftung Freie Gemeinschaftsbank (FGB)SWISSAIDTheater HORA, F\u00f6rdervereinVerein &#8222;jetz singe mer [&hellip;]<\/p>\n","protected":false},"author":2,"featured_media":0,"parent":0,"menu_order":0,"comment_status":"closed","ping_status":"closed","template":"","meta":{"_et_pb_use_builder":"on","_et_pb_old_content":"","_et_gb_content_width":"","footnotes":""},"class_list":["post-1205","page","type-page","status-publish","hentry"],"yoast_head":"<!-- This site is optimized with the Yoast SEO plugin v27.4 - https:\/\/yoast.com\/product\/yoast-seo-wordpress\/ -->\n<title>Kund*innen - Beratung und Begleitung im Bereich von privaten Grossspender*innen, Stiftungen und Erbschaften.<\/title>\n<meta name=\"robots\" content=\"index, follow, max-snippet:-1, max-image-preview:large, max-video-preview:-1\" \/>\n<link rel=\"canonical\" href=\"https:\/\/murielbonnardin.ch\/de\/kundinnen\/\" \/>\n<meta property=\"og:locale\" content=\"de_DE\" \/>\n<meta property=\"og:type\" content=\"article\" \/>\n<meta property=\"og:title\" content=\"Kund*innen - Beratung und Begleitung im Bereich von privaten Grossspender*innen, Stiftungen und Erbschaften.\" \/>\n<meta property=\"og:description\" content=\"Kunden &amp; Kundinnen ComundoBRAVA - gemeinsam gegen Gewalt gegen FrauenGesellschaft f\u00fcr bedrohte V\u00f6lkerF\u00f6rderverein Basel SinfoniettaHelvetasKinderanwaltschaft SchweizKYMA sea conservation &amp; researchMedica mondialeMonda Futura \u2013 f\u00fcr eine lebenswerte ZukunftMSF medecins sans fronti\u00e8resParkinson SchweizPro Senectute Schweiz \/ Kanton Z\u00fcrichREFLEKT - investigativer JournalismusSchweizer PresseratSchweizer HeimatschutzSolafrica \u2013 Solarenergie f\u00fcr Mensch und KlimaStiftung Freie Gemeinschaftsbank (FGB)SWISSAIDTheater HORA, F\u00f6rdervereinVerein &quot;jetz singe mer [&hellip;]\" \/>\n<meta property=\"og:url\" content=\"https:\/\/murielbonnardin.ch\/de\/kundinnen\/\" \/>\n<meta property=\"og:site_name\" content=\"Beratung und Begleitung im Bereich von privaten Grossspender*innen, Stiftungen und Erbschaften.\" \/>\n<meta property=\"article:modified_time\" content=\"2025-05-02T15:43:25+00:00\" \/>\n<meta property=\"og:image\" content=\"https:\/\/murielbonnardin.ch\/wp-content\/uploads\/2021\/02\/C_iPad_1_Muriel_Bonnardin_1565x1045.jpg\" \/>\n\t<meta property=\"og:image:width\" content=\"1565\" \/>\n\t<meta property=\"og:image:height\" content=\"1045\" \/>\n\t<meta property=\"og:image:type\" content=\"image\/jpeg\" \/>\n<script type=\"application\/ld+json\" class=\"yoast-schema-graph\">{\"@context\":\"https:\\\/\\\/schema.org\",\"@graph\":[{\"@type\":\"WebPage\",\"@id\":\"https:\\\/\\\/murielbonnardin.ch\\\/de\\\/kundinnen\\\/\",\"url\":\"https:\\\/\\\/murielbonnardin.ch\\\/de\\\/kundinnen\\\/\",\"name\":\"Kund*innen - Beratung und Begleitung im Bereich von privaten Grossspender*innen, Stiftungen und Erbschaften.\",\"isPartOf\":{\"@id\":\"https:\\\/\\\/murielbonnardin.ch\\\/de\\\/#website\"},\"datePublished\":\"2022-11-07T09:31:19+00:00\",\"dateModified\":\"2025-05-02T15:43:25+00:00\",\"breadcrumb\":{\"@id\":\"https:\\\/\\\/murielbonnardin.ch\\\/de\\\/kundinnen\\\/#breadcrumb\"},\"inLanguage\":\"de\",\"potentialAction\":[{\"@type\":\"ReadAction\",\"target\":[\"https:\\\/\\\/murielbonnardin.ch\\\/de\\\/kundinnen\\\/\"]}]},{\"@type\":\"BreadcrumbList\",\"@id\":\"https:\\\/\\\/murielbonnardin.ch\\\/de\\\/kundinnen\\\/#breadcrumb\",\"itemListElement\":[{\"@type\":\"ListItem\",\"position\":1,\"name\":\"Home\",\"item\":\"https:\\\/\\\/murielbonnardin.ch\\\/de\\\/\"},{\"@type\":\"ListItem\",\"position\":2,\"name\":\"Kund*innen\"}]},{\"@type\":\"WebSite\",\"@id\":\"https:\\\/\\\/murielbonnardin.ch\\\/de\\\/#website\",\"url\":\"https:\\\/\\\/murielbonnardin.ch\\\/de\\\/\",\"name\":\"Beratung und Begleitung im Bereich von privaten Grossspender*innen, Stiftungen und Erbschaften.\",\"description\":\"\",\"publisher\":{\"@id\":\"https:\\\/\\\/murielbonnardin.ch\\\/de\\\/#organization\"},\"potentialAction\":[{\"@type\":\"SearchAction\",\"target\":{\"@type\":\"EntryPoint\",\"urlTemplate\":\"https:\\\/\\\/murielbonnardin.ch\\\/de\\\/?s={search_term_string}\"},\"query-input\":{\"@type\":\"PropertyValueSpecification\",\"valueRequired\":true,\"valueName\":\"search_term_string\"}}],\"inLanguage\":\"de\"},{\"@type\":\"Organization\",\"@id\":\"https:\\\/\\\/murielbonnardin.ch\\\/de\\\/#organization\",\"name\":\"Muriel Bonnardin\",\"url\":\"https:\\\/\\\/murielbonnardin.ch\\\/de\\\/\",\"logo\":{\"@type\":\"ImageObject\",\"inLanguage\":\"de\",\"@id\":\"https:\\\/\\\/murielbonnardin.ch\\\/de\\\/#\\\/schema\\\/logo\\\/image\\\/\",\"url\":\"https:\\\/\\\/murielbonnardin.ch\\\/wp-content\\\/uploads\\\/2021\\\/02\\\/C_iPad_1_Muriel_Bonnardin_1565x1045.jpg\",\"contentUrl\":\"https:\\\/\\\/murielbonnardin.ch\\\/wp-content\\\/uploads\\\/2021\\\/02\\\/C_iPad_1_Muriel_Bonnardin_1565x1045.jpg\",\"width\":1565,\"height\":1045,\"caption\":\"Muriel Bonnardin\"},\"image\":{\"@id\":\"https:\\\/\\\/murielbonnardin.ch\\\/de\\\/#\\\/schema\\\/logo\\\/image\\\/\"}}]}<\/script>\n<!-- \/ Yoast SEO plugin. -->","yoast_head_json":{"title":"Kund*innen - Beratung und Begleitung im Bereich von privaten Grossspender*innen, Stiftungen und Erbschaften.","robots":{"index":"index","follow":"follow","max-snippet":"max-snippet:-1","max-image-preview":"max-image-preview:large","max-video-preview":"max-video-preview:-1"},"canonical":"https:\/\/murielbonnardin.ch\/de\/kundinnen\/","og_locale":"de_DE","og_type":"article","og_title":"Kund*innen - Beratung und Begleitung im Bereich von privaten Grossspender*innen, Stiftungen und Erbschaften.","og_description":"Kunden &amp; Kundinnen ComundoBRAVA - gemeinsam gegen Gewalt gegen FrauenGesellschaft f\u00fcr bedrohte V\u00f6lkerF\u00f6rderverein Basel SinfoniettaHelvetasKinderanwaltschaft SchweizKYMA sea conservation &amp; researchMedica mondialeMonda Futura \u2013 f\u00fcr eine lebenswerte ZukunftMSF medecins sans fronti\u00e8resParkinson SchweizPro Senectute Schweiz \/ Kanton Z\u00fcrichREFLEKT - investigativer JournalismusSchweizer PresseratSchweizer HeimatschutzSolafrica \u2013 Solarenergie f\u00fcr Mensch und KlimaStiftung Freie Gemeinschaftsbank (FGB)SWISSAIDTheater HORA, F\u00f6rdervereinVerein \"jetz singe mer [&hellip;]","og_url":"https:\/\/murielbonnardin.ch\/de\/kundinnen\/","og_site_name":"Beratung und Begleitung im Bereich von privaten Grossspender*innen, Stiftungen und Erbschaften.","article_modified_time":"2025-05-02T15:43:25+00:00","og_image":[{"width":1565,"height":1045,"url":"https:\/\/murielbonnardin.ch\/wp-content\/uploads\/2021\/02\/C_iPad_1_Muriel_Bonnardin_1565x1045.jpg","type":"image\/jpeg"}],"schema":{"@context":"https:\/\/schema.org","@graph":[{"@type":"WebPage","@id":"https:\/\/murielbonnardin.ch\/de\/kundinnen\/","url":"https:\/\/murielbonnardin.ch\/de\/kundinnen\/","name":"Kund*innen - Beratung und Begleitung im Bereich von privaten Grossspender*innen, Stiftungen und Erbschaften.","isPartOf":{"@id":"https:\/\/murielbonnardin.ch\/de\/#website"},"datePublished":"2022-11-07T09:31:19+00:00","dateModified":"2025-05-02T15:43:25+00:00","breadcrumb":{"@id":"https:\/\/murielbonnardin.ch\/de\/kundinnen\/#breadcrumb"},"inLanguage":"de","potentialAction":[{"@type":"ReadAction","target":["https:\/\/murielbonnardin.ch\/de\/kundinnen\/"]}]},{"@type":"BreadcrumbList","@id":"https:\/\/murielbonnardin.ch\/de\/kundinnen\/#breadcrumb","itemListElement":[{"@type":"ListItem","position":1,"name":"Home","item":"https:\/\/murielbonnardin.ch\/de\/"},{"@type":"ListItem","position":2,"name":"Kund*innen"}]},{"@type":"WebSite","@id":"https:\/\/murielbonnardin.ch\/de\/#website","url":"https:\/\/murielbonnardin.ch\/de\/","name":"Beratung und Begleitung im Bereich von privaten Grossspender*innen, Stiftungen und Erbschaften.","description":"","publisher":{"@id":"https:\/\/murielbonnardin.ch\/de\/#organization"},"potentialAction":[{"@type":"SearchAction","target":{"@type":"EntryPoint","urlTemplate":"https:\/\/murielbonnardin.ch\/de\/?s={search_term_string}"},"query-input":{"@type":"PropertyValueSpecification","valueRequired":true,"valueName":"search_term_string"}}],"inLanguage":"de"},{"@type":"Organization","@id":"https:\/\/murielbonnardin.ch\/de\/#organization","name":"Muriel Bonnardin","url":"https:\/\/murielbonnardin.ch\/de\/","logo":{"@type":"ImageObject","inLanguage":"de","@id":"https:\/\/murielbonnardin.ch\/de\/#\/schema\/logo\/image\/","url":"https:\/\/murielbonnardin.ch\/wp-content\/uploads\/2021\/02\/C_iPad_1_Muriel_Bonnardin_1565x1045.jpg","contentUrl":"https:\/\/murielbonnardin.ch\/wp-content\/uploads\/2021\/02\/C_iPad_1_Muriel_Bonnardin_1565x1045.jpg","width":1565,"height":1045,"caption":"Muriel Bonnardin"},"image":{"@id":"https:\/\/murielbonnardin.ch\/de\/#\/schema\/logo\/image\/"}}]}},"_links":{"self":[{"href":"https:\/\/murielbonnardin.ch\/de\/wp-json\/wp\/v2\/pages\/1205","targetHints":{"allow":["GET"]}}],"collection":[{"href":"https:\/\/murielbonnardin.ch\/de\/wp-json\/wp\/v2\/pages"}],"about":[{"href":"https:\/\/murielbonnardin.ch\/de\/wp-json\/wp\/v2\/types\/page"}],"author":[{"embeddable":true,"href":"https:\/\/murielbonnardin.ch\/de\/wp-json\/wp\/v2\/users\/2"}],"replies":[{"embeddable":true,"href":"https:\/\/murielbonnardin.ch\/de\/wp-json\/wp\/v2\/comments?post=1205"}],"version-history":[{"count":22,"href":"https:\/\/murielbonnardin.ch\/de\/wp-json\/wp\/v2\/pages\/1205\/revisions"}],"predecessor-version":[{"id":1283,"href":"https:\/\/murielbonnardin.ch\/de\/wp-json\/wp\/v2\/pages\/1205\/revisions\/1283"}],"wp:attachment":[{"href":"https:\/\/murielbonnardin.ch\/de\/wp-json\/wp\/v2\/media?parent=1205"}],"curies":[{"name":"wp","href":"https:\/\/api.w.org\/{rel}","templated":true}]}}